{"id":32448,"date":"2016-12-05T15:07:54","date_gmt":"2016-12-05T12:07:54","guid":{"rendered":"https:\/\/www.ipo.co.il\/%d7%94%d7%a0%d7%94%d7%9c%d7%94\/"},"modified":"2026-04-01T13:56:58","modified_gmt":"2026-04-01T10:56:58","slug":"%d7%94%d7%a0%d7%94%d7%9c%d7%94","status":"publish","type":"page","link":"https:\/\/www.ipo.co.il\/en\/%d7%94%d7%a0%d7%94%d7%9c%d7%94\/","title":{"rendered":"Management"},"content":{"rendered":"<div id=\"pl-4934\" class=\"panel-layout panel-is-rtl\">\n<div id=\"pg-4934-0\" class=\"panel-grid panel-no-style\">\n<div id=\"pgc-4934-0-0\" class=\"panel-grid-cell\" data-weight=\"0.33333333333333\">\n<div id=\"panel-4934-0-0-0\" class=\"so-panel widget widget_sow-editor panel-first-child panel-last-child\" data-index=\"0\" data-style=\"{&quot;background_image_attachment&quot;:false,&quot;background_display&quot;:&quot;tile&quot;}\">\n<div class=\"so-widget-sow-editor so-widget-sow-editor-base\">\n<div class=\"siteorigin-widget-tinymce textwidget\"><span style=\"color: #000000;\"><strong>IPO Management<\/strong><\/span><\/div>\n<div class=\"siteorigin-widget-tinymce textwidget\"><span style=\"color: #000000;\"><strong><br \/>\n<\/strong><\/span><span style=\"color: #000000;\"><span style=\"color: #000000;\"><span style=\"color: #000000;\"><span style=\"color: #000000;\"><a href=\"https:\/\/www.ipo.co.il\/en\/orckestra_member\/%d7%99%d7%95%d7%a0%d7%aa%d7%9f-%d7%92%d7%a8%d7%98%d7%a0%d7%a8\/\">Yoni Gertner &#8211; Chairman<br \/>\n<\/a><\/span><\/span><\/span><\/span><\/div>\n<div><a href=\"https:\/\/www.ipo.co.il\/en\/artist\/sharon-cohen-violinist\/\" target=\"_blank\" rel=\"noopener\">Sharon Cohen<\/a><\/div>\n<div class=\"siteorigin-widget-tinymce textwidget\"><span style=\"color: #000000;\"><span style=\"color: #000000;\"><span style=\"color: #000000;\"><a href=\"https:\/\/www.ipo.co.il\/en\/orckestra_member\/boaz-meirovitch\/\" target=\"_blank\" rel=\"noopener\"><br \/>\nBoaz Meirovitch<\/a><\/span><\/span><\/span><\/div>\n<\/div>\n<\/div>\n<\/div>\n<\/div>\n<\/div>\n<div><\/div>\n<div><\/div>\n<div><\/div>\n<div id=\"pl-4934\" class=\"panel-layout panel-is-rtl\">\n<div id=\"pg-4934-0\" class=\"panel-grid panel-no-style\">\n<div id=\"pgc-4934-0-0\" class=\"panel-grid-cell\" data-weight=\"0.33333333333333\">\n<div id=\"panel-4934-0-0-0\" class=\"so-panel widget widget_sow-editor panel-first-child panel-last-child\" data-index=\"0\" data-style=\"{&quot;background_image_attachment&quot;:false,&quot;background_display&quot;:&quot;tile&quot;}\">\n<div class=\"so-widget-sow-editor so-widget-sow-editor-base\">\n<div class=\"siteorigin-widget-tinymce textwidget\">\n<hr \/>\n<p>&nbsp;<\/p>\n<p><strong>Secretary General<br \/>\n<\/strong>Yair Mashiach<\/p>\n<p>&nbsp;<\/p>\n<\/div>\n<hr \/>\n<div class=\"siteorigin-widget-tinymce textwidget\">\n<p><strong>Artistic Advisor<\/strong><\/p>\n<p>Avi Shoshani<\/p>\n<p>&nbsp;<\/p>\n<hr \/>\n<p><span style=\"color: #000000;\"><strong>Board of Directors<br \/>\n<\/strong><\/span><\/p>\n<p>Ronni Gamzu\u00a0 (Chairman)<br \/>\nEphraim Abramson<br \/>\nRivka Saker<br \/>\nAvi Ortal<br \/>\nAnat Levin<br \/>\n(In accordance with Israeli law, none of the Directors receive any compensation)<\/p>\n<p>&nbsp;<\/p>\n<p><strong>Treasurer:<\/strong><br \/>\nAlex Ziv<\/p>\n<hr \/>\n<p><span style=\"color: #000000;\"><strong>Musicians Council<br \/>\n<\/strong><\/span>Ari \u00de\u00f3r Vilhj\u00e1lmsson (Chairman)<br \/>\nJonathan Gertner<br \/>\nYuval Shapiro<br \/>\nBoaz Meirovitch<br \/>\nDmitry Malkin<br \/>\nDan Moshayev<br \/>\nNoam <span style=\"color: #000000;\">Massarik<\/span><br \/>\nMarianna Povolotzky<br \/>\nZiv Stein<\/p>\n<hr \/>\n<\/div>\n<\/div>\n<\/div>\n<\/div>\n<div id=\"pgc-4934-0-1\" class=\"panel-grid-cell\" data-weight=\"0.33333333333333\">\n<div id=\"panel-4934-0-1-0\" class=\"so-panel widget widget_sow-editor panel-first-child panel-last-child\" data-index=\"1\" data-style=\"{&quot;background_display&quot;:&quot;tile&quot;}\">\n<div class=\"so-widget-sow-editor so-widget-sow-editor-base\">\n<div class=\"siteorigin-widget-tinymce textwidget\">\n<p><strong style=\"color: #000000;\">Assembly Chairman<br \/>\n<\/strong><span style=\"color: #000000;\">Nir Erez<\/span><\/p>\n<\/div>\n<\/div>\n<\/div>\n<\/div>\n<div id=\"pgc-4934-0-2\" class=\"panel-grid-cell\" data-weight=\"0.33333333333333\">\n<div id=\"panel-4934-0-2-0\" class=\"so-panel widget widget_sow-editor panel-first-child panel-last-child\" data-index=\"2\" data-style=\"{&quot;background_image_attachment&quot;:false,&quot;background_display&quot;:&quot;tile&quot;}\">\n<div class=\"so-widget-sow-editor so-widget-sow-editor-base\">\n<div class=\"siteorigin-widget-tinymce textwidget\">\n<hr \/>\n<p><span style=\"color: #000000;\"><strong>Audit Committee<br \/>\n<\/strong>Hadar Cohen<br \/>\nTal Ben Rei<br \/>\n<strong><br \/>\n<\/strong><\/span><\/p>\n<\/div>\n<\/div>\n<\/div>\n<\/div>\n<\/div>\n<\/div>\n","protected":false},"excerpt":{"rendered":"<p>IPO Management Yoni Gertner &#8211; Chairman Sharon Cohen Boaz Meirovitch &nbsp; Secretary General Yair Mashiach &nbsp; Artistic Advisor Avi Shoshani &nbsp; Board of Directors Ronni Gamzu\u00a0 (Chairman) Ephraim Abramson Rivka Saker Avi Ortal Anat Levin (In accordance with Israeli law, none of the Directors receive any compensation) &nbsp; Treasurer: Alex Ziv Musicians Council Ari \u00de\u00f3r [&hellip;]<\/p>\n","protected":false},"author":2,"featured_media":31080,"parent":0,"menu_order":0,"comment_status":"closed","ping_status":"closed","template":"page-templates\/history.php","meta":{"_acf_changed":false,"footnotes":""},"class_list":["post-32448","page","type-page","status-publish","has-post-thumbnail","hentry"],"acf":[],"yoast_head":"<!-- This site is optimized with the Yoast SEO plugin v25.8 - https:\/\/yoast.com\/wordpress\/plugins\/seo\/ -->\n<title>Management | IPO<\/title>\n<meta name=\"robots\" content=\"index, follow, max-snippet:-1, max-image-preview:large, max-video-preview:-1\" \/>\n<link rel=\"canonical\" href=\"https:\/\/www.ipo.co.il\/en\/\u05d4\u05e0\u05d4\u05dc\u05d4\/\" \/>\n<meta property=\"og:locale\" content=\"en_US\" \/>\n<meta property=\"og:type\" content=\"article\" \/>\n<meta property=\"og:title\" content=\"Management | IPO\" \/>\n<meta property=\"og:description\" content=\"IPO Management Yoni Gertner &#8211; Chairman Sharon Cohen Boaz Meirovitch &nbsp; Secretary General Yair Mashiach &nbsp; Artistic Advisor Avi Shoshani &nbsp; Board of Directors Ronni Gamzu\u00a0 (Chairman) Ephraim Abramson Rivka Saker Avi Ortal Anat Levin (In accordance with Israeli law, none of the Directors receive any compensation) &nbsp; Treasurer: Alex Ziv Musicians Council Ari \u00de\u00f3r [&hellip;]\" \/>\n<meta property=\"og:url\" content=\"https:\/\/www.ipo.co.il\/en\/\u05d4\u05e0\u05d4\u05dc\u05d4\/\" \/>\n<meta property=\"og:site_name\" content=\"IPO\" \/>\n<meta property=\"article:modified_time\" content=\"2026-04-01T10:56:58+00:00\" \/>\n<meta property=\"og:image\" content=\"https:\/\/www.ipo.co.il\/wp-content\/uploads\/2023\/01\/all_1920x388.jpg\" \/>\n\t<meta property=\"og:image:width\" content=\"1920\" \/>\n\t<meta property=\"og:image:height\" content=\"388\" \/>\n\t<meta property=\"og:image:type\" content=\"image\/jpeg\" \/>\n<meta name=\"twitter:card\" content=\"summary_large_image\" \/>\n<meta name=\"twitter:label1\" content=\"Est. reading time\" \/>\n\t<meta name=\"twitter:data1\" content=\"1 minute\" \/>\n<script type=\"application\/ld+json\" class=\"yoast-schema-graph\">{\"@context\":\"https:\/\/schema.org\",\"@graph\":[{\"@type\":\"WebPage\",\"@id\":\"https:\/\/www.ipo.co.il\/en\/%d7%94%d7%a0%d7%94%d7%9c%d7%94\/\",\"url\":\"https:\/\/www.ipo.co.il\/en\/%d7%94%d7%a0%d7%94%d7%9c%d7%94\/\",\"name\":\"Management | IPO\",\"isPartOf\":{\"@id\":\"https:\/\/www.ipo.co.il\/#website\"},\"primaryImageOfPage\":{\"@id\":\"https:\/\/www.ipo.co.il\/en\/%d7%94%d7%a0%d7%94%d7%9c%d7%94\/#primaryimage\"},\"image\":{\"@id\":\"https:\/\/www.ipo.co.il\/en\/%d7%94%d7%a0%d7%94%d7%9c%d7%94\/#primaryimage\"},\"thumbnailUrl\":\"https:\/\/www.ipo.co.il\/wp-content\/uploads\/2023\/01\/all_1920x388.jpg\",\"datePublished\":\"2016-12-05T12:07:54+00:00\",\"dateModified\":\"2026-04-01T10:56:58+00:00\",\"breadcrumb\":{\"@id\":\"https:\/\/www.ipo.co.il\/en\/%d7%94%d7%a0%d7%94%d7%9c%d7%94\/#breadcrumb\"},\"inLanguage\":\"en-US\",\"potentialAction\":[{\"@type\":\"ReadAction\",\"target\":[\"https:\/\/www.ipo.co.il\/en\/%d7%94%d7%a0%d7%94%d7%9c%d7%94\/\"]}]},{\"@type\":\"ImageObject\",\"inLanguage\":\"en-US\",\"@id\":\"https:\/\/www.ipo.co.il\/en\/%d7%94%d7%a0%d7%94%d7%9c%d7%94\/#primaryimage\",\"url\":\"https:\/\/www.ipo.co.il\/wp-content\/uploads\/2023\/01\/all_1920x388.jpg\",\"contentUrl\":\"https:\/\/www.ipo.co.il\/wp-content\/uploads\/2023\/01\/all_1920x388.jpg\",\"width\":1920,\"height\":388,\"caption\":\"\u05d4\u05e4\u05d9\u05dc\u05d4\u05e8\u05de\u05d5\u05e0\u05d9\u05ea \u05d4\u05d9\u05e9\u05e8\u05d0\u05dc\u05d9\u05ea\"},{\"@type\":\"BreadcrumbList\",\"@id\":\"https:\/\/www.ipo.co.il\/en\/%d7%94%d7%a0%d7%94%d7%9c%d7%94\/#breadcrumb\",\"itemListElement\":[{\"@type\":\"ListItem\",\"position\":1,\"name\":\"\u05d3\u05e3 \u05d4\u05d1\u05d9\u05ea\",\"item\":\"https:\/\/www.ipo.co.il\/en\/\"},{\"@type\":\"ListItem\",\"position\":2,\"name\":\"Management\"}]},{\"@type\":\"WebSite\",\"@id\":\"https:\/\/www.ipo.co.il\/#website\",\"url\":\"https:\/\/www.ipo.co.il\/\",\"name\":\"IPO\",\"description\":\"\",\"potentialAction\":[{\"@type\":\"SearchAction\",\"target\":{\"@type\":\"EntryPoint\",\"urlTemplate\":\"https:\/\/www.ipo.co.il\/?s={search_term_string}\"},\"query-input\":{\"@type\":\"PropertyValueSpecification\",\"valueRequired\":true,\"valueName\":\"search_term_string\"}}],\"inLanguage\":\"en-US\"}]}<\/script>\n<!-- \/ Yoast SEO plugin. -->","yoast_head_json":{"title":"Management | IPO","robots":{"index":"index","follow":"follow","max-snippet":"max-snippet:-1","max-image-preview":"max-image-preview:large","max-video-preview":"max-video-preview:-1"},"canonical":"https:\/\/www.ipo.co.il\/en\/\u05d4\u05e0\u05d4\u05dc\u05d4\/","og_locale":"en_US","og_type":"article","og_title":"Management | IPO","og_description":"IPO Management Yoni Gertner &#8211; Chairman Sharon Cohen Boaz Meirovitch &nbsp; Secretary General Yair Mashiach &nbsp; Artistic Advisor Avi Shoshani &nbsp; Board of Directors Ronni Gamzu\u00a0 (Chairman) Ephraim Abramson Rivka Saker Avi Ortal Anat Levin (In accordance with Israeli law, none of the Directors receive any compensation) &nbsp; Treasurer: Alex Ziv Musicians Council Ari \u00de\u00f3r [&hellip;]","og_url":"https:\/\/www.ipo.co.il\/en\/\u05d4\u05e0\u05d4\u05dc\u05d4\/","og_site_name":"IPO","article_modified_time":"2026-04-01T10:56:58+00:00","og_image":[{"width":1920,"height":388,"url":"https:\/\/www.ipo.co.il\/wp-content\/uploads\/2023\/01\/all_1920x388.jpg","type":"image\/jpeg"}],"twitter_card":"summary_large_image","twitter_misc":{"Est. reading time":"1 minute"},"schema":{"@context":"https:\/\/schema.org","@graph":[{"@type":"WebPage","@id":"https:\/\/www.ipo.co.il\/en\/%d7%94%d7%a0%d7%94%d7%9c%d7%94\/","url":"https:\/\/www.ipo.co.il\/en\/%d7%94%d7%a0%d7%94%d7%9c%d7%94\/","name":"Management | IPO","isPartOf":{"@id":"https:\/\/www.ipo.co.il\/#website"},"primaryImageOfPage":{"@id":"https:\/\/www.ipo.co.il\/en\/%d7%94%d7%a0%d7%94%d7%9c%d7%94\/#primaryimage"},"image":{"@id":"https:\/\/www.ipo.co.il\/en\/%d7%94%d7%a0%d7%94%d7%9c%d7%94\/#primaryimage"},"thumbnailUrl":"https:\/\/www.ipo.co.il\/wp-content\/uploads\/2023\/01\/all_1920x388.jpg","datePublished":"2016-12-05T12:07:54+00:00","dateModified":"2026-04-01T10:56:58+00:00","breadcrumb":{"@id":"https:\/\/www.ipo.co.il\/en\/%d7%94%d7%a0%d7%94%d7%9c%d7%94\/#breadcrumb"},"inLanguage":"en-US","potentialAction":[{"@type":"ReadAction","target":["https:\/\/www.ipo.co.il\/en\/%d7%94%d7%a0%d7%94%d7%9c%d7%94\/"]}]},{"@type":"ImageObject","inLanguage":"en-US","@id":"https:\/\/www.ipo.co.il\/en\/%d7%94%d7%a0%d7%94%d7%9c%d7%94\/#primaryimage","url":"https:\/\/www.ipo.co.il\/wp-content\/uploads\/2023\/01\/all_1920x388.jpg","contentUrl":"https:\/\/www.ipo.co.il\/wp-content\/uploads\/2023\/01\/all_1920x388.jpg","width":1920,"height":388,"caption":"\u05d4\u05e4\u05d9\u05dc\u05d4\u05e8\u05de\u05d5\u05e0\u05d9\u05ea \u05d4\u05d9\u05e9\u05e8\u05d0\u05dc\u05d9\u05ea"},{"@type":"BreadcrumbList","@id":"https:\/\/www.ipo.co.il\/en\/%d7%94%d7%a0%d7%94%d7%9c%d7%94\/#breadcrumb","itemListElement":[{"@type":"ListItem","position":1,"name":"\u05d3\u05e3 \u05d4\u05d1\u05d9\u05ea","item":"https:\/\/www.ipo.co.il\/en\/"},{"@type":"ListItem","position":2,"name":"Management"}]},{"@type":"WebSite","@id":"https:\/\/www.ipo.co.il\/#website","url":"https:\/\/www.ipo.co.il\/","name":"IPO","description":"","potentialAction":[{"@type":"SearchAction","target":{"@type":"EntryPoint","urlTemplate":"https:\/\/www.ipo.co.il\/?s={search_term_string}"},"query-input":{"@type":"PropertyValueSpecification","valueRequired":true,"valueName":"search_term_string"}}],"inLanguage":"en-US"}]}},"_links":{"self":[{"href":"https:\/\/www.ipo.co.il\/en\/wp-json\/wp\/v2\/pages\/32448","targetHints":{"allow":["GET"]}}],"collection":[{"href":"https:\/\/www.ipo.co.il\/en\/wp-json\/wp\/v2\/pages"}],"about":[{"href":"https:\/\/www.ipo.co.il\/en\/wp-json\/wp\/v2\/types\/page"}],"author":[{"embeddable":true,"href":"https:\/\/www.ipo.co.il\/en\/wp-json\/wp\/v2\/users\/2"}],"replies":[{"embeddable":true,"href":"https:\/\/www.ipo.co.il\/en\/wp-json\/wp\/v2\/comments?post=32448"}],"version-history":[{"count":13,"href":"https:\/\/www.ipo.co.il\/en\/wp-json\/wp\/v2\/pages\/32448\/revisions"}],"predecessor-version":[{"id":61205,"href":"https:\/\/www.ipo.co.il\/en\/wp-json\/wp\/v2\/pages\/32448\/revisions\/61205"}],"wp:featuredmedia":[{"embeddable":true,"href":"https:\/\/www.ipo.co.il\/en\/wp-json\/wp\/v2\/media\/31080"}],"wp:attachment":[{"href":"https:\/\/www.ipo.co.il\/en\/wp-json\/wp\/v2\/media?parent=32448"}],"curies":[{"name":"wp","href":"https:\/\/api.w.org\/{rel}","templated":true}]}}